{"id":12,"date":"2025-10-16T13:54:58","date_gmt":"2025-10-16T13:54:58","guid":{"rendered":"https:\/\/arquitecturacristianmartinez.rkinformatika.online\/?page_id=12"},"modified":"2025-11-12T16:51:19","modified_gmt":"2025-11-12T16:51:19","slug":"inicio","status":"publish","type":"page","link":"https:\/\/arquitecturacristianmartinez.com\/eu\/","title":{"rendered":"Hasiera"},"content":{"rendered":"<div data-elementor-type=\"wp-page\" data-elementor-id=\"12\" class=\"elementor elementor-12\" data-elementor-post-type=\"page\">\n\t\t\t\t<div class=\"elementor-element elementor-element-5a0f943 e-flex e-con-boxed e-con e-parent\" data-id=\"5a0f943\" data-element_type=\"container\" data-e-type=\"container\" data-settings=\"{&quot;background_background&quot;:&quot;classic&quot;}\">\n\t\t\t\t\t<div class=\"e-con-inner\">\n\t\t\t\t<div class=\"elementor-element elementor-element-e7d07da elementor-invisible elementor-widget elementor-widget-heading\" data-id=\"e7d07da\" data-element_type=\"widget\" data-e-type=\"widget\" data-settings=\"{&quot;_animation&quot;:&quot;fadeInLeft&quot;}\" data-widget_type=\"heading.default\">\n\t\t\t\t\t<h2 class=\"elementor-heading-title elementor-size-default\">Soluzio eraginkorrak eta iraunkorrak<\/h2>\t\t\t\t<\/div>\n\t\t\t\t\t<\/div>\n\t\t\t\t<\/div>\n\t\t<div class=\"elementor-element elementor-element-fa26303 e-flex e-con-boxed e-con e-parent\" data-id=\"fa26303\" data-element_type=\"container\" data-e-type=\"container\" data-settings=\"{&quot;background_background&quot;:&quot;classic&quot;}\">\n\t\t\t\t\t<div class=\"e-con-inner\">\n\t\t<div class=\"elementor-element elementor-element-fb7a2cc e-con-full e-flex e-con e-child\" data-id=\"fb7a2cc\" data-element_type=\"container\" data-e-type=\"container\">\n\t\t\t\t<div class=\"elementor-element elementor-element-da0d7fb elementor-widget elementor-widget-heading\" data-id=\"da0d7fb\" data-element_type=\"widget\" data-e-type=\"widget\" data-widget_type=\"heading.default\">\n\t\t\t\t\t<h2 class=\"elementor-heading-title elementor-size-default\">Guri Buruz<\/h2>\t\t\t\t<\/div>\n\t\t\t\t<div class=\"elementor-element elementor-element-4c1a9cd elementor-widget elementor-widget-text-editor\" data-id=\"4c1a9cd\" data-element_type=\"widget\" data-e-type=\"widget\" data-widget_type=\"text-editor.default\">\n\t\t\t\t\t\t\t\t\t<p data-start=\"305\" data-end=\"689\">Cristian Mart\u00ednez &amp; Asociados arkitekturan, pertsonak bizi, lan egin eta amets egiten duten espazioei forma emateko artea da arkitektura.<\/p><p data-start=\"305\" data-end=\"689\">Cristian Mart\u00ednez Fern\u00e1ndezek zuzenduta, gure azterlanak esperientzia teknikoa, sormena eta sentsibilitate estetikoa uztartzen ditu, soluzio arkitektoniko paregabeak, funtzionalak eta jasangarriak eskaintzeko.<\/p><p data-start=\"691\" data-end=\"1027\">Gure filosofia bezeroarekiko hurbiltasunean, xehetasunekiko arretan eta kalitatearekiko konpromisoan oinarritzen da. Proiektu bakoitza zure beharren, ingurunearen, baldintzatzaileen eta gure ikuspegi profesionalaren arteko elkarrizketa bat da.<br \/>Hasierako ideiatik azken entregaraino, prozesu osoan lagunduko dizugu, zure itxaropenak gaindituko dituzten emaitzak ziurtatuz.<\/p><p data-start=\"1029\" data-end=\"1182\">Pasioz, zehaztasunez eta helburu argi batekin lan egiten dugu: pertsonen bizitza hobetuko duten eta beren testuinguruarekin harmonikoki integratuko diren espazioak sortzea.<\/p>\t\t\t\t\t\t\t\t<\/div>\n\t\t\t\t<\/div>\n\t\t<div class=\"elementor-element elementor-element-89b45a3 e-con-full e-flex e-con e-child\" data-id=\"89b45a3\" data-element_type=\"container\" data-e-type=\"container\">\n\t\t\t\t<div class=\"elementor-element elementor-element-6242410 elementor-widget elementor-widget-image\" data-id=\"6242410\" data-element_type=\"widget\" data-e-type=\"widget\" data-widget_type=\"image.default\">\n\t\t\t\t\t\t\t\t\t\t\t\t\t\t\t<img fetchpriority=\"high\" decoding=\"async\" width=\"800\" height=\"534\" src=\"https:\/\/arquitecturacristianmartinez.com\/wp-content\/uploads\/2025\/11\/3684681-1024x683.jpg\" class=\"attachment-large size-large wp-image-115\" alt=\"\" srcset=\"https:\/\/arquitecturacristianmartinez.com\/wp-content\/uploads\/2025\/11\/3684681-1024x683.jpg 1024w, https:\/\/arquitecturacristianmartinez.com\/wp-content\/uploads\/2025\/11\/3684681-300x200.jpg 300w, https:\/\/arquitecturacristianmartinez.com\/wp-content\/uploads\/2025\/11\/3684681-768x513.jpg 768w, https:\/\/arquitecturacristianmartinez.com\/wp-content\/uploads\/2025\/11\/3684681-18x12.jpg 18w, https:\/\/arquitecturacristianmartinez.com\/wp-content\/uploads\/2025\/11\/3684681.jpg 1500w\" sizes=\"(max-width: 800px) 100vw, 800px\" \/>\t\t\t\t\t\t\t\t\t\t\t\t\t\t\t<\/div>\n\t\t\t\t<\/div>\n\t\t\t\t\t<\/div>\n\t\t\t\t<\/div>\n\t\t<div class=\"elementor-element elementor-element-0ff7abd e-flex e-con-boxed e-con e-parent\" data-id=\"0ff7abd\" data-element_type=\"container\" data-e-type=\"container\" data-settings=\"{&quot;background_background&quot;:&quot;classic&quot;}\">\n\t\t\t\t\t<div class=\"e-con-inner\">\n\t\t\t\t<div class=\"elementor-element elementor-element-f02d50a elementor-widget elementor-widget-heading\" data-id=\"f02d50a\" data-element_type=\"widget\" data-e-type=\"widget\" data-widget_type=\"heading.default\">\n\t\t\t\t\t<h2 class=\"elementor-heading-title elementor-size-default\">Aholku eman gure talde teknikoari.<\/h2>\t\t\t\t<\/div>\n\t\t\t\t<div class=\"elementor-element elementor-element-23f353b elementor-widget elementor-widget-text-editor\" data-id=\"23f353b\" data-element_type=\"widget\" data-e-type=\"widget\" data-widget_type=\"text-editor.default\">\n\t\t\t\t\t\t\t\t\t<p>Bihurtu zure ideia benetako proiektu arkitektoniko. Guk hori posible egiten dugu.<\/p>\t\t\t\t\t\t\t\t<\/div>\n\t\t\t\t<div class=\"elementor-element elementor-element-bb8844d elementor-align-center elementor-widget elementor-widget-button\" data-id=\"bb8844d\" data-element_type=\"widget\" data-e-type=\"widget\" data-widget_type=\"button.default\">\n\t\t\t\t\t\t\t\t\t\t<a class=\"elementor-button elementor-button-link elementor-size-sm\" href=\"https:\/\/arquitecturacristianmartinez.com\/eu\/servicios\/\">\n\t\t\t\t\t\t<span class=\"elementor-button-content-wrapper\">\n\t\t\t\t\t\t\t\t\t<span class=\"elementor-button-text\">Zerbitzuak<\/span>\n\t\t\t\t\t<\/span>\n\t\t\t\t\t<\/a>\n\t\t\t\t\t\t\t\t<\/div>\n\t\t\t\t\t<\/div>\n\t\t\t\t<\/div>\n\t\t\t\t<\/div>","protected":false},"excerpt":{"rendered":"<p>Soluciones eficientes y duraderas Sobre Nosotros En Arquitectura Cristian Mart\u00ednez &amp; Asociados, concebimos la arquitectura como el arte de dar forma a los espacios donde las personas viven, trabajan y sue\u00f1an. Dirigido por Cristian Mart\u00ednez Fern\u00e1ndez, nuestro estudio combina experiencia t\u00e9cnica, creatividad y sensibilidad est\u00e9tica para ofrecer soluciones arquitect\u00f3nicas \u00fanicas, funcionales y sostenibles. Nuestra filosof\u00eda [&hellip;]<\/p>\n","protected":false},"author":1,"featured_media":0,"parent":0,"menu_order":0,"comment_status":"closed","ping_status":"closed","template":"elementor_canvas","meta":{"footnotes":""},"class_list":["post-12","page","type-page","status-publish","hentry"],"yoast_head":"<!-- This site is optimized with the Yoast SEO plugin v27.3 - https:\/\/yoast.com\/product\/yoast-seo-wordpress\/ -->\n<title>Inicio - Cristian Mart\u00ednez Fern\u00e1ndez<\/title>\n<meta name=\"robots\" content=\"index, follow, max-snippet:-1, max-image-preview:large, max-video-preview:-1\" \/>\n<link rel=\"canonical\" href=\"https:\/\/arquitecturacristianmartinez.com\/eu\/\" \/>\n<meta property=\"og:locale\" content=\"en_US\" \/>\n<meta property=\"og:type\" content=\"article\" \/>\n<meta property=\"og:title\" content=\"Inicio - Cristian Mart\u00ednez Fern\u00e1ndez\" \/>\n<meta property=\"og:description\" content=\"Soluciones eficientes y duraderas Sobre Nosotros En Arquitectura Cristian Mart\u00ednez &amp; Asociados, concebimos la arquitectura como el arte de dar forma a los espacios donde las personas viven, trabajan y sue\u00f1an. Dirigido por Cristian Mart\u00ednez Fern\u00e1ndez, nuestro estudio combina experiencia t\u00e9cnica, creatividad y sensibilidad est\u00e9tica para ofrecer soluciones arquitect\u00f3nicas \u00fanicas, funcionales y sostenibles. Nuestra filosof\u00eda [&hellip;]\" \/>\n<meta property=\"og:url\" content=\"https:\/\/arquitecturacristianmartinez.com\/eu\/\" \/>\n<meta property=\"og:site_name\" content=\"Cristian Mart\u00ednez Fern\u00e1ndez\" \/>\n<meta property=\"article:modified_time\" content=\"2025-11-12T16:51:19+00:00\" \/>\n<meta property=\"og:image\" content=\"https:\/\/arquitecturacristianmartinez.com\/wp-content\/uploads\/2025\/11\/3684681-1024x683.jpg\" \/>\n<meta name=\"twitter:card\" content=\"summary_large_image\" \/>\n<meta name=\"twitter:label1\" content=\"Est. reading time\" \/>\n\t<meta name=\"twitter:data1\" content=\"1 minutua\" \/>\n<script type=\"application\/ld+json\" class=\"yoast-schema-graph\">{\"@context\":\"https:\\\/\\\/schema.org\",\"@graph\":[{\"@type\":\"WebPage\",\"@id\":\"https:\\\/\\\/arquitecturacristianmartinez.com\\\/\",\"url\":\"https:\\\/\\\/arquitecturacristianmartinez.com\\\/\",\"name\":\"Inicio - Cristian Mart\u00ednez Fern\u00e1ndez\",\"isPartOf\":{\"@id\":\"https:\\\/\\\/arquitecturacristianmartinez.com\\\/#website\"},\"primaryImageOfPage\":{\"@id\":\"https:\\\/\\\/arquitecturacristianmartinez.com\\\/#primaryimage\"},\"image\":{\"@id\":\"https:\\\/\\\/arquitecturacristianmartinez.com\\\/#primaryimage\"},\"thumbnailUrl\":\"https:\\\/\\\/arquitecturacristianmartinez.com\\\/wp-content\\\/uploads\\\/2025\\\/11\\\/3684681-1024x683.jpg\",\"datePublished\":\"2025-10-16T13:54:58+00:00\",\"dateModified\":\"2025-11-12T16:51:19+00:00\",\"breadcrumb\":{\"@id\":\"https:\\\/\\\/arquitecturacristianmartinez.com\\\/#breadcrumb\"},\"inLanguage\":\"eu\",\"potentialAction\":[{\"@type\":\"ReadAction\",\"target\":[\"https:\\\/\\\/arquitecturacristianmartinez.com\\\/\"]}]},{\"@type\":\"ImageObject\",\"inLanguage\":\"eu\",\"@id\":\"https:\\\/\\\/arquitecturacristianmartinez.com\\\/#primaryimage\",\"url\":\"https:\\\/\\\/arquitecturacristianmartinez.com\\\/wp-content\\\/uploads\\\/2025\\\/11\\\/3684681-1024x683.jpg\",\"contentUrl\":\"https:\\\/\\\/arquitecturacristianmartinez.com\\\/wp-content\\\/uploads\\\/2025\\\/11\\\/3684681-1024x683.jpg\"},{\"@type\":\"BreadcrumbList\",\"@id\":\"https:\\\/\\\/arquitecturacristianmartinez.com\\\/#breadcrumb\",\"itemListElement\":[{\"@type\":\"ListItem\",\"position\":1,\"name\":\"Portada\",\"item\":\"https:\\\/\\\/arquitecturacristianmartinez.com\\\/\"},{\"@type\":\"ListItem\",\"position\":2,\"name\":\"Inicio\"}]},{\"@type\":\"WebSite\",\"@id\":\"https:\\\/\\\/arquitecturacristianmartinez.com\\\/#website\",\"url\":\"https:\\\/\\\/arquitecturacristianmartinez.com\\\/\",\"name\":\"Cristian Mart\u00ednez Fern\u00e1ndez\",\"description\":\"Arquitectura\",\"publisher\":{\"@id\":\"https:\\\/\\\/arquitecturacristianmartinez.com\\\/#organization\"},\"potentialAction\":[{\"@type\":\"SearchAction\",\"target\":{\"@type\":\"EntryPoint\",\"urlTemplate\":\"https:\\\/\\\/arquitecturacristianmartinez.com\\\/?s={search_term_string}\"},\"query-input\":{\"@type\":\"PropertyValueSpecification\",\"valueRequired\":true,\"valueName\":\"search_term_string\"}}],\"inLanguage\":\"eu\"},{\"@type\":\"Organization\",\"@id\":\"https:\\\/\\\/arquitecturacristianmartinez.com\\\/#organization\",\"name\":\"Cristian Mart\u00ednez Fern\u00e1ndez\",\"url\":\"https:\\\/\\\/arquitecturacristianmartinez.com\\\/\",\"logo\":{\"@type\":\"ImageObject\",\"inLanguage\":\"eu\",\"@id\":\"https:\\\/\\\/arquitecturacristianmartinez.com\\\/#\\\/schema\\\/logo\\\/image\\\/\",\"url\":\"https:\\\/\\\/arquitecturacristianmartinez.com\\\/wp-content\\\/uploads\\\/2025\\\/11\\\/cropped-arquitec.png\",\"contentUrl\":\"https:\\\/\\\/arquitecturacristianmartinez.com\\\/wp-content\\\/uploads\\\/2025\\\/11\\\/cropped-arquitec.png\",\"width\":1355,\"height\":275,\"caption\":\"Cristian Mart\u00ednez Fern\u00e1ndez\"},\"image\":{\"@id\":\"https:\\\/\\\/arquitecturacristianmartinez.com\\\/#\\\/schema\\\/logo\\\/image\\\/\"}}]}<\/script>\n<!-- \/ Yoast SEO plugin. -->","yoast_head_json":{"title":"Inicio - Cristian Mart\u00ednez Fern\u00e1ndez","robots":{"index":"index","follow":"follow","max-snippet":"max-snippet:-1","max-image-preview":"max-image-preview:large","max-video-preview":"max-video-preview:-1"},"canonical":"https:\/\/arquitecturacristianmartinez.com\/eu\/","og_locale":"en_US","og_type":"article","og_title":"Inicio - Cristian Mart\u00ednez Fern\u00e1ndez","og_description":"Soluciones eficientes y duraderas Sobre Nosotros En Arquitectura Cristian Mart\u00ednez &amp; Asociados, concebimos la arquitectura como el arte de dar forma a los espacios donde las personas viven, trabajan y sue\u00f1an. Dirigido por Cristian Mart\u00ednez Fern\u00e1ndez, nuestro estudio combina experiencia t\u00e9cnica, creatividad y sensibilidad est\u00e9tica para ofrecer soluciones arquitect\u00f3nicas \u00fanicas, funcionales y sostenibles. Nuestra filosof\u00eda [&hellip;]","og_url":"https:\/\/arquitecturacristianmartinez.com\/eu\/","og_site_name":"Cristian Mart\u00ednez Fern\u00e1ndez","article_modified_time":"2025-11-12T16:51:19+00:00","og_image":[{"url":"https:\/\/arquitecturacristianmartinez.com\/wp-content\/uploads\/2025\/11\/3684681-1024x683.jpg","type":"","width":"","height":""}],"twitter_card":"summary_large_image","twitter_misc":{"Est. reading time":"1 minutua"},"schema":{"@context":"https:\/\/schema.org","@graph":[{"@type":"WebPage","@id":"https:\/\/arquitecturacristianmartinez.com\/","url":"https:\/\/arquitecturacristianmartinez.com\/","name":"Inicio - Cristian Mart\u00ednez Fern\u00e1ndez","isPartOf":{"@id":"https:\/\/arquitecturacristianmartinez.com\/#website"},"primaryImageOfPage":{"@id":"https:\/\/arquitecturacristianmartinez.com\/#primaryimage"},"image":{"@id":"https:\/\/arquitecturacristianmartinez.com\/#primaryimage"},"thumbnailUrl":"https:\/\/arquitecturacristianmartinez.com\/wp-content\/uploads\/2025\/11\/3684681-1024x683.jpg","datePublished":"2025-10-16T13:54:58+00:00","dateModified":"2025-11-12T16:51:19+00:00","breadcrumb":{"@id":"https:\/\/arquitecturacristianmartinez.com\/#breadcrumb"},"inLanguage":"eu","potentialAction":[{"@type":"ReadAction","target":["https:\/\/arquitecturacristianmartinez.com\/"]}]},{"@type":"ImageObject","inLanguage":"eu","@id":"https:\/\/arquitecturacristianmartinez.com\/#primaryimage","url":"https:\/\/arquitecturacristianmartinez.com\/wp-content\/uploads\/2025\/11\/3684681-1024x683.jpg","contentUrl":"https:\/\/arquitecturacristianmartinez.com\/wp-content\/uploads\/2025\/11\/3684681-1024x683.jpg"},{"@type":"BreadcrumbList","@id":"https:\/\/arquitecturacristianmartinez.com\/#breadcrumb","itemListElement":[{"@type":"ListItem","position":1,"name":"Portada","item":"https:\/\/arquitecturacristianmartinez.com\/"},{"@type":"ListItem","position":2,"name":"Inicio"}]},{"@type":"WebSite","@id":"https:\/\/arquitecturacristianmartinez.com\/#website","url":"https:\/\/arquitecturacristianmartinez.com\/","name":"Cristian Mart\u00ednez Fern\u00e1ndez","description":"Arquitectura","publisher":{"@id":"https:\/\/arquitecturacristianmartinez.com\/#organization"},"potentialAction":[{"@type":"SearchAction","target":{"@type":"EntryPoint","urlTemplate":"https:\/\/arquitecturacristianmartinez.com\/?s={search_term_string}"},"query-input":{"@type":"PropertyValueSpecification","valueRequired":true,"valueName":"search_term_string"}}],"inLanguage":"eu"},{"@type":"Organization","@id":"https:\/\/arquitecturacristianmartinez.com\/#organization","name":"Cristian Mart\u00ednez Fern\u00e1ndez","url":"https:\/\/arquitecturacristianmartinez.com\/","logo":{"@type":"ImageObject","inLanguage":"eu","@id":"https:\/\/arquitecturacristianmartinez.com\/#\/schema\/logo\/image\/","url":"https:\/\/arquitecturacristianmartinez.com\/wp-content\/uploads\/2025\/11\/cropped-arquitec.png","contentUrl":"https:\/\/arquitecturacristianmartinez.com\/wp-content\/uploads\/2025\/11\/cropped-arquitec.png","width":1355,"height":275,"caption":"Cristian Mart\u00ednez Fern\u00e1ndez"},"image":{"@id":"https:\/\/arquitecturacristianmartinez.com\/#\/schema\/logo\/image\/"}}]}},"_links":{"self":[{"href":"https:\/\/arquitecturacristianmartinez.com\/eu\/wp-json\/wp\/v2\/pages\/12","targetHints":{"allow":["GET"]}}],"collection":[{"href":"https:\/\/arquitecturacristianmartinez.com\/eu\/wp-json\/wp\/v2\/pages"}],"about":[{"href":"https:\/\/arquitecturacristianmartinez.com\/eu\/wp-json\/wp\/v2\/types\/page"}],"author":[{"embeddable":true,"href":"https:\/\/arquitecturacristianmartinez.com\/eu\/wp-json\/wp\/v2\/users\/1"}],"replies":[{"embeddable":true,"href":"https:\/\/arquitecturacristianmartinez.com\/eu\/wp-json\/wp\/v2\/comments?post=12"}],"version-history":[{"count":64,"href":"https:\/\/arquitecturacristianmartinez.com\/eu\/wp-json\/wp\/v2\/pages\/12\/revisions"}],"predecessor-version":[{"id":273,"href":"https:\/\/arquitecturacristianmartinez.com\/eu\/wp-json\/wp\/v2\/pages\/12\/revisions\/273"}],"wp:attachment":[{"href":"https:\/\/arquitecturacristianmartinez.com\/eu\/wp-json\/wp\/v2\/media?parent=12"}],"curies":[{"name":"wp","href":"https:\/\/api.w.org\/{rel}","templated":true}]}}