{"id":17,"date":"2025-10-16T14:00:53","date_gmt":"2025-10-16T14:00:53","guid":{"rendered":"https:\/\/arquitecturacristianmartinez.rkinformatika.online\/?page_id=17"},"modified":"2025-11-12T16:54:28","modified_gmt":"2025-11-12T16:54:28","slug":"servicios","status":"publish","type":"page","link":"https:\/\/arquitecturacristianmartinez.com\/eu\/servicios\/","title":{"rendered":"Zerbitzuak"},"content":{"rendered":"<div data-elementor-type=\"wp-page\" data-elementor-id=\"17\" class=\"elementor elementor-17\" data-elementor-post-type=\"page\">\n\t\t\t\t<div class=\"elementor-element elementor-element-6dc167e e-flex e-con-boxed e-con e-parent\" data-id=\"6dc167e\" data-element_type=\"container\" data-e-type=\"container\" data-settings=\"{&quot;background_background&quot;:&quot;classic&quot;}\">\n\t\t\t\t\t<div class=\"e-con-inner\">\n\t\t\t\t<div class=\"elementor-element elementor-element-224c03a elementor-invisible elementor-widget elementor-widget-heading\" data-id=\"224c03a\" data-element_type=\"widget\" data-e-type=\"widget\" data-settings=\"{&quot;_animation&quot;:&quot;fadeInLeft&quot;}\" data-widget_type=\"heading.default\">\n\t\t\t\t\t<h2 class=\"elementor-heading-title elementor-size-default\">Dise\u00f1amos espacios pensados para ti<\/h2>\t\t\t\t<\/div>\n\t\t\t\t\t<\/div>\n\t\t\t\t<\/div>\n\t\t<div class=\"elementor-element elementor-element-431bd2c e-flex e-con-boxed e-con e-parent\" data-id=\"431bd2c\" data-element_type=\"container\" data-e-type=\"container\">\n\t\t\t\t\t<div class=\"e-con-inner\">\n\t\t<div class=\"elementor-element elementor-element-08a8284 e-con-full e-flex e-con e-child\" data-id=\"08a8284\" data-element_type=\"container\" data-e-type=\"container\">\n\t\t\t\t<div class=\"elementor-element elementor-element-5f4eae2 elementor-position-top elementor-widget elementor-widget-image-box\" data-id=\"5f4eae2\" data-element_type=\"widget\" data-e-type=\"widget\" data-widget_type=\"image-box.default\">\n\t\t\t\t\t<div class=\"elementor-image-box-wrapper\"><figure class=\"elementor-image-box-img\"><img decoding=\"async\" src=\"https:\/\/arquitecturacristianmartinez.com\/wp-content\/uploads\/elementor\/thumbs\/32487-rell5j2n32gbzlx7lekbeb0j8ftt0ipcon5pl7u45k.jpg\" title=\"32487\" alt=\"32487\" loading=\"lazy\" \/><\/figure><div class=\"elementor-image-box-content\"><h3 class=\"elementor-image-box-title\">Proyetos<\/h3><p class=\"elementor-image-box-description\">- Obra nueva Vivienda<br>\n- Reforma de Viviendas<br>\n- Pisos, oficinas, tiendas<br><\/p><\/div><\/div>\t\t\t\t<\/div>\n\t\t\t\t<\/div>\n\t\t<div class=\"elementor-element elementor-element-dcd9ad1 e-con-full e-flex e-con e-child\" data-id=\"dcd9ad1\" data-element_type=\"container\" data-e-type=\"container\">\n\t\t\t\t<div class=\"elementor-element elementor-element-a3ce764 elementor-position-top elementor-widget elementor-widget-image-box\" data-id=\"a3ce764\" data-element_type=\"widget\" data-e-type=\"widget\" data-widget_type=\"image-box.default\">\n\t\t\t\t\t<div class=\"elementor-image-box-wrapper\"><figure class=\"elementor-image-box-img\"><img decoding=\"async\" src=\"https:\/\/arquitecturacristianmartinez.com\/wp-content\/uploads\/elementor\/thumbs\/5275-relldgtkspbi12e58u2wgawntkpe0i7r3xhbhc2fm0.jpg\" title=\"5275\" alt=\"5275\" loading=\"lazy\" \/><\/figure><div class=\"elementor-image-box-content\"><h3 class=\"elementor-image-box-title\">Rehabilitaci\u00f3n<\/h3><p class=\"elementor-image-box-description\">- Fachadas \/ Cubiertas<br>\n- Ascensores \/ Elevadores<br>\n- Barreras \/ Accesibilidad<br><\/p><\/div><\/div>\t\t\t\t<\/div>\n\t\t\t\t<\/div>\n\t\t\t\t\t<\/div>\n\t\t\t\t<\/div>\n\t\t<div class=\"elementor-element elementor-element-99db9b8 e-flex e-con-boxed e-con e-parent\" data-id=\"99db9b8\" data-element_type=\"container\" data-e-type=\"container\">\n\t\t\t\t\t<div class=\"e-con-inner\">\n\t\t<div class=\"elementor-element elementor-element-d053a7c e-con-full e-flex e-con e-child\" data-id=\"d053a7c\" data-element_type=\"container\" data-e-type=\"container\">\n\t\t\t\t<div class=\"elementor-element elementor-element-5adeba2 elementor-position-top elementor-widget elementor-widget-image-box\" data-id=\"5adeba2\" data-element_type=\"widget\" data-e-type=\"widget\" data-widget_type=\"image-box.default\">\n\t\t\t\t\t<div class=\"elementor-image-box-wrapper\"><figure class=\"elementor-image-box-img\"><img decoding=\"async\" src=\"https:\/\/arquitecturacristianmartinez.com\/wp-content\/uploads\/elementor\/thumbs\/5283-rellgmk1rnn71vsxsp8rc07fp74svvr9vkf2jtdsp4.jpg\" title=\"5283\" alt=\"5283\" loading=\"lazy\" \/><\/figure><div class=\"elementor-image-box-content\"><h3 class=\"elementor-image-box-title\">Informes T\u00e9cnicos<\/h3><p class=\"elementor-image-box-description\">- ITES<br>\n- Licencias de Actividad<br>\n- Certificados \/ Informes<br><\/p><\/div><\/div>\t\t\t\t<\/div>\n\t\t\t\t<\/div>\n\t\t<div class=\"elementor-element elementor-element-efa60a9 e-con-full e-flex e-con e-child\" data-id=\"efa60a9\" data-element_type=\"container\" data-e-type=\"container\">\n\t\t\t\t<div class=\"elementor-element elementor-element-0d16a97 elementor-position-top elementor-widget elementor-widget-image-box\" data-id=\"0d16a97\" data-element_type=\"widget\" data-e-type=\"widget\" data-widget_type=\"image-box.default\">\n\t\t\t\t\t<div class=\"elementor-image-box-wrapper\"><figure class=\"elementor-image-box-img\"><img decoding=\"async\" src=\"https:\/\/arquitecturacristianmartinez.com\/wp-content\/uploads\/elementor\/thumbs\/41754-relljoj5z9tqs9d6yis3xqgd7a2qwgvvaoqvp6uqh4.jpg\" title=\"41754\" alt=\"41754\" loading=\"lazy\" \/><\/figure><div class=\"elementor-image-box-content\"><h3 class=\"elementor-image-box-title\">Dise\u00f1o<\/h3><p class=\"elementor-image-box-description\">- Interiorismo<br>\n- Decoraci\u00f3n<br>\n- Mobiliario<br><\/p><\/div><\/div>\t\t\t\t<\/div>\n\t\t\t\t<\/div>\n\t\t\t\t\t<\/div>\n\t\t\t\t<\/div>\n\t\t<div class=\"elementor-element elementor-element-70b2fff e-con-full e-flex e-con e-parent\" data-id=\"70b2fff\" data-element_type=\"container\" data-e-type=\"container\" data-settings=\"{&quot;background_background&quot;:&quot;classic&quot;}\">\n\t\t\t\t<div class=\"elementor-element elementor-element-4ae75fc elementor-cta--skin-cover elementor-widget__width-inherit elementor-animated-content elementor-bg-transform elementor-bg-transform-zoom-in elementor-widget elementor-widget-call-to-action\" data-id=\"4ae75fc\" data-element_type=\"widget\" data-e-type=\"widget\" data-widget_type=\"call-to-action.default\">\n\t\t\t\t\t\t\t<div class=\"elementor-cta\">\n\t\t\t\t\t<div class=\"elementor-cta__bg-wrapper\">\n\t\t\t\t<div class=\"elementor-cta__bg elementor-bg\" style=\"background-image: url(https:\/\/arquitecturacristianmartinez.com\/wp-content\/uploads\/2025\/11\/15880-1024x576.jpg);\" role=\"img\" aria-label=\"15880\"><\/div>\n\t\t\t\t<div class=\"elementor-cta__bg-overlay\"><\/div>\n\t\t\t<\/div>\n\t\t\t\t\t\t\t<div class=\"elementor-cta__content\">\n\t\t\t\t\n\t\t\t\t\t\t\t\t\t<h2 class=\"elementor-cta__title elementor-cta__content-item elementor-content-item elementor-animated-item--grow\">\n\t\t\t\t\t\tHablemos, tu consulta siempre es bienvenida.\t\t\t\t\t<\/h2>\n\t\t\t\t\n\t\t\t\t\t\t\t\t\t<div class=\"elementor-cta__description elementor-cta__content-item elementor-content-item elementor-animated-item--grow\">\n\t\t\t\t\t\tPuede comunicarse con nosotros para cualquier duda o solicitud.\t\t\t\t\t<\/div>\n\t\t\t\t\n\t\t\t\t\t\t\t\t\t<div class=\"elementor-cta__button-wrapper elementor-cta__content-item elementor-content-item elementor-animated-item--grow\">\n\t\t\t\t\t<a class=\"elementor-cta__button elementor-button elementor-size-\" href=\"https:\/\/arquitecturacristianmartinez.com\/eu\/contacto\/\">\n\t\t\t\t\t\tCONTACTO\t\t\t\t\t<\/a>\n\t\t\t\t\t<\/div>\n\t\t\t\t\t\t\t<\/div>\n\t\t\t\t\t\t<\/div>\n\t\t\t\t\t\t<\/div>\n\t\t\t\t<\/div>\n\t\t\t\t<\/div>","protected":false},"excerpt":{"rendered":"<p>Dise\u00f1amos espacios pensados para ti Proyetos &#8211; Obra nueva Vivienda &#8211; Reforma de Viviendas &#8211; Pisos, oficinas, tiendas Rehabilitaci\u00f3n &#8211; Fachadas \/ Cubiertas &#8211; Ascensores \/ Elevadores &#8211; Barreras \/ Accesibilidad Informes T\u00e9cnicos &#8211; ITES &#8211; Licencias de Actividad &#8211; Certificados \/ Informes Dise\u00f1o &#8211; Interiorismo &#8211; Decoraci\u00f3n &#8211; Mobiliario Hablemos, tu consulta siempre es [&hellip;]<\/p>\n","protected":false},"author":1,"featured_media":0,"parent":0,"menu_order":0,"comment_status":"closed","ping_status":"closed","template":"elementor_canvas","meta":{"footnotes":""},"class_list":["post-17","page","type-page","status-publish","hentry"],"yoast_head":"<!-- This site is optimized with the Yoast SEO plugin v27.3 - https:\/\/yoast.com\/product\/yoast-seo-wordpress\/ -->\n<title>Servicios - Cristian Mart\u00ednez Fern\u00e1ndez<\/title>\n<meta name=\"robots\" content=\"index, follow, max-snippet:-1, max-image-preview:large, max-video-preview:-1\" \/>\n<link rel=\"canonical\" href=\"https:\/\/arquitecturacristianmartinez.com\/eu\/servicios\/\" \/>\n<meta property=\"og:locale\" content=\"en_US\" \/>\n<meta property=\"og:type\" content=\"article\" \/>\n<meta property=\"og:title\" content=\"Servicios - Cristian Mart\u00ednez Fern\u00e1ndez\" \/>\n<meta property=\"og:description\" content=\"Dise\u00f1amos espacios pensados para ti Proyetos &#8211; Obra nueva Vivienda &#8211; Reforma de Viviendas &#8211; Pisos, oficinas, tiendas Rehabilitaci\u00f3n &#8211; Fachadas \/ Cubiertas &#8211; Ascensores \/ Elevadores &#8211; Barreras \/ Accesibilidad Informes T\u00e9cnicos &#8211; ITES &#8211; Licencias de Actividad &#8211; Certificados \/ Informes Dise\u00f1o &#8211; Interiorismo &#8211; Decoraci\u00f3n &#8211; Mobiliario Hablemos, tu consulta siempre es [&hellip;]\" \/>\n<meta property=\"og:url\" content=\"https:\/\/arquitecturacristianmartinez.com\/eu\/servicios\/\" \/>\n<meta property=\"og:site_name\" content=\"Cristian Mart\u00ednez Fern\u00e1ndez\" \/>\n<meta property=\"article:modified_time\" content=\"2025-11-12T16:54:28+00:00\" \/>\n<meta property=\"og:image\" content=\"https:\/\/arquitecturacristianmartinez.com\/wp-content\/uploads\/elementor\/thumbs\/32487-rell5j2n32gbzlx7lekbeb0j8ftt0ipcon5pl7u45k.jpg\" \/>\n<meta name=\"twitter:card\" content=\"summary_large_image\" \/>\n<meta name=\"twitter:label1\" content=\"Est. reading time\" \/>\n\t<meta name=\"twitter:data1\" content=\"2 minutua\" \/>\n<script type=\"application\/ld+json\" class=\"yoast-schema-graph\">{\"@context\":\"https:\\\/\\\/schema.org\",\"@graph\":[{\"@type\":\"WebPage\",\"@id\":\"https:\\\/\\\/arquitecturacristianmartinez.com\\\/servicios\\\/\",\"url\":\"https:\\\/\\\/arquitecturacristianmartinez.com\\\/servicios\\\/\",\"name\":\"Servicios - Cristian Mart\u00ednez Fern\u00e1ndez\",\"isPartOf\":{\"@id\":\"https:\\\/\\\/arquitecturacristianmartinez.com\\\/#website\"},\"primaryImageOfPage\":{\"@id\":\"https:\\\/\\\/arquitecturacristianmartinez.com\\\/servicios\\\/#primaryimage\"},\"image\":{\"@id\":\"https:\\\/\\\/arquitecturacristianmartinez.com\\\/servicios\\\/#primaryimage\"},\"thumbnailUrl\":\"https:\\\/\\\/arquitecturacristianmartinez.com\\\/wp-content\\\/uploads\\\/elementor\\\/thumbs\\\/32487-rell5j2n32gbzlx7lekbeb0j8ftt0ipcon5pl7u45k.jpg\",\"datePublished\":\"2025-10-16T14:00:53+00:00\",\"dateModified\":\"2025-11-12T16:54:28+00:00\",\"breadcrumb\":{\"@id\":\"https:\\\/\\\/arquitecturacristianmartinez.com\\\/servicios\\\/#breadcrumb\"},\"inLanguage\":\"eu\",\"potentialAction\":[{\"@type\":\"ReadAction\",\"target\":[\"https:\\\/\\\/arquitecturacristianmartinez.com\\\/servicios\\\/\"]}]},{\"@type\":\"ImageObject\",\"inLanguage\":\"eu\",\"@id\":\"https:\\\/\\\/arquitecturacristianmartinez.com\\\/servicios\\\/#primaryimage\",\"url\":\"https:\\\/\\\/arquitecturacristianmartinez.com\\\/wp-content\\\/uploads\\\/elementor\\\/thumbs\\\/32487-rell5j2n32gbzlx7lekbeb0j8ftt0ipcon5pl7u45k.jpg\",\"contentUrl\":\"https:\\\/\\\/arquitecturacristianmartinez.com\\\/wp-content\\\/uploads\\\/elementor\\\/thumbs\\\/32487-rell5j2n32gbzlx7lekbeb0j8ftt0ipcon5pl7u45k.jpg\"},{\"@type\":\"BreadcrumbList\",\"@id\":\"https:\\\/\\\/arquitecturacristianmartinez.com\\\/servicios\\\/#breadcrumb\",\"itemListElement\":[{\"@type\":\"ListItem\",\"position\":1,\"name\":\"Portada\",\"item\":\"https:\\\/\\\/arquitecturacristianmartinez.com\\\/\"},{\"@type\":\"ListItem\",\"position\":2,\"name\":\"Servicios\"}]},{\"@type\":\"WebSite\",\"@id\":\"https:\\\/\\\/arquitecturacristianmartinez.com\\\/#website\",\"url\":\"https:\\\/\\\/arquitecturacristianmartinez.com\\\/\",\"name\":\"Cristian Mart\u00ednez Fern\u00e1ndez\",\"description\":\"Arquitectura\",\"publisher\":{\"@id\":\"https:\\\/\\\/arquitecturacristianmartinez.com\\\/#organization\"},\"potentialAction\":[{\"@type\":\"SearchAction\",\"target\":{\"@type\":\"EntryPoint\",\"urlTemplate\":\"https:\\\/\\\/arquitecturacristianmartinez.com\\\/?s={search_term_string}\"},\"query-input\":{\"@type\":\"PropertyValueSpecification\",\"valueRequired\":true,\"valueName\":\"search_term_string\"}}],\"inLanguage\":\"eu\"},{\"@type\":\"Organization\",\"@id\":\"https:\\\/\\\/arquitecturacristianmartinez.com\\\/#organization\",\"name\":\"Cristian Mart\u00ednez Fern\u00e1ndez\",\"url\":\"https:\\\/\\\/arquitecturacristianmartinez.com\\\/\",\"logo\":{\"@type\":\"ImageObject\",\"inLanguage\":\"eu\",\"@id\":\"https:\\\/\\\/arquitecturacristianmartinez.com\\\/#\\\/schema\\\/logo\\\/image\\\/\",\"url\":\"https:\\\/\\\/arquitecturacristianmartinez.com\\\/wp-content\\\/uploads\\\/2025\\\/11\\\/cropped-arquitec.png\",\"contentUrl\":\"https:\\\/\\\/arquitecturacristianmartinez.com\\\/wp-content\\\/uploads\\\/2025\\\/11\\\/cropped-arquitec.png\",\"width\":1355,\"height\":275,\"caption\":\"Cristian Mart\u00ednez Fern\u00e1ndez\"},\"image\":{\"@id\":\"https:\\\/\\\/arquitecturacristianmartinez.com\\\/#\\\/schema\\\/logo\\\/image\\\/\"}}]}<\/script>\n<!-- \/ Yoast SEO plugin. -->","yoast_head_json":{"title":"Servicios - Cristian Mart\u00ednez Fern\u00e1ndez","robots":{"index":"index","follow":"follow","max-snippet":"max-snippet:-1","max-image-preview":"max-image-preview:large","max-video-preview":"max-video-preview:-1"},"canonical":"https:\/\/arquitecturacristianmartinez.com\/eu\/servicios\/","og_locale":"en_US","og_type":"article","og_title":"Servicios - Cristian Mart\u00ednez Fern\u00e1ndez","og_description":"Dise\u00f1amos espacios pensados para ti Proyetos &#8211; Obra nueva Vivienda &#8211; Reforma de Viviendas &#8211; Pisos, oficinas, tiendas Rehabilitaci\u00f3n &#8211; Fachadas \/ Cubiertas &#8211; Ascensores \/ Elevadores &#8211; Barreras \/ Accesibilidad Informes T\u00e9cnicos &#8211; ITES &#8211; Licencias de Actividad &#8211; Certificados \/ Informes Dise\u00f1o &#8211; Interiorismo &#8211; Decoraci\u00f3n &#8211; Mobiliario Hablemos, tu consulta siempre es [&hellip;]","og_url":"https:\/\/arquitecturacristianmartinez.com\/eu\/servicios\/","og_site_name":"Cristian Mart\u00ednez Fern\u00e1ndez","article_modified_time":"2025-11-12T16:54:28+00:00","og_image":[{"url":"https:\/\/arquitecturacristianmartinez.com\/wp-content\/uploads\/elementor\/thumbs\/32487-rell5j2n32gbzlx7lekbeb0j8ftt0ipcon5pl7u45k.jpg","type":"","width":"","height":""}],"twitter_card":"summary_large_image","twitter_misc":{"Est. reading time":"2 minutua"},"schema":{"@context":"https:\/\/schema.org","@graph":[{"@type":"WebPage","@id":"https:\/\/arquitecturacristianmartinez.com\/servicios\/","url":"https:\/\/arquitecturacristianmartinez.com\/servicios\/","name":"Servicios - Cristian Mart\u00ednez Fern\u00e1ndez","isPartOf":{"@id":"https:\/\/arquitecturacristianmartinez.com\/#website"},"primaryImageOfPage":{"@id":"https:\/\/arquitecturacristianmartinez.com\/servicios\/#primaryimage"},"image":{"@id":"https:\/\/arquitecturacristianmartinez.com\/servicios\/#primaryimage"},"thumbnailUrl":"https:\/\/arquitecturacristianmartinez.com\/wp-content\/uploads\/elementor\/thumbs\/32487-rell5j2n32gbzlx7lekbeb0j8ftt0ipcon5pl7u45k.jpg","datePublished":"2025-10-16T14:00:53+00:00","dateModified":"2025-11-12T16:54:28+00:00","breadcrumb":{"@id":"https:\/\/arquitecturacristianmartinez.com\/servicios\/#breadcrumb"},"inLanguage":"eu","potentialAction":[{"@type":"ReadAction","target":["https:\/\/arquitecturacristianmartinez.com\/servicios\/"]}]},{"@type":"ImageObject","inLanguage":"eu","@id":"https:\/\/arquitecturacristianmartinez.com\/servicios\/#primaryimage","url":"https:\/\/arquitecturacristianmartinez.com\/wp-content\/uploads\/elementor\/thumbs\/32487-rell5j2n32gbzlx7lekbeb0j8ftt0ipcon5pl7u45k.jpg","contentUrl":"https:\/\/arquitecturacristianmartinez.com\/wp-content\/uploads\/elementor\/thumbs\/32487-rell5j2n32gbzlx7lekbeb0j8ftt0ipcon5pl7u45k.jpg"},{"@type":"BreadcrumbList","@id":"https:\/\/arquitecturacristianmartinez.com\/servicios\/#breadcrumb","itemListElement":[{"@type":"ListItem","position":1,"name":"Portada","item":"https:\/\/arquitecturacristianmartinez.com\/"},{"@type":"ListItem","position":2,"name":"Servicios"}]},{"@type":"WebSite","@id":"https:\/\/arquitecturacristianmartinez.com\/#website","url":"https:\/\/arquitecturacristianmartinez.com\/","name":"Cristian Mart\u00ednez Fern\u00e1ndez","description":"Arquitectura","publisher":{"@id":"https:\/\/arquitecturacristianmartinez.com\/#organization"},"potentialAction":[{"@type":"SearchAction","target":{"@type":"EntryPoint","urlTemplate":"https:\/\/arquitecturacristianmartinez.com\/?s={search_term_string}"},"query-input":{"@type":"PropertyValueSpecification","valueRequired":true,"valueName":"search_term_string"}}],"inLanguage":"eu"},{"@type":"Organization","@id":"https:\/\/arquitecturacristianmartinez.com\/#organization","name":"Cristian Mart\u00ednez Fern\u00e1ndez","url":"https:\/\/arquitecturacristianmartinez.com\/","logo":{"@type":"ImageObject","inLanguage":"eu","@id":"https:\/\/arquitecturacristianmartinez.com\/#\/schema\/logo\/image\/","url":"https:\/\/arquitecturacristianmartinez.com\/wp-content\/uploads\/2025\/11\/cropped-arquitec.png","contentUrl":"https:\/\/arquitecturacristianmartinez.com\/wp-content\/uploads\/2025\/11\/cropped-arquitec.png","width":1355,"height":275,"caption":"Cristian Mart\u00ednez Fern\u00e1ndez"},"image":{"@id":"https:\/\/arquitecturacristianmartinez.com\/#\/schema\/logo\/image\/"}}]}},"_links":{"self":[{"href":"https:\/\/arquitecturacristianmartinez.com\/eu\/wp-json\/wp\/v2\/pages\/17","targetHints":{"allow":["GET"]}}],"collection":[{"href":"https:\/\/arquitecturacristianmartinez.com\/eu\/wp-json\/wp\/v2\/pages"}],"about":[{"href":"https:\/\/arquitecturacristianmartinez.com\/eu\/wp-json\/wp\/v2\/types\/page"}],"author":[{"embeddable":true,"href":"https:\/\/arquitecturacristianmartinez.com\/eu\/wp-json\/wp\/v2\/users\/1"}],"replies":[{"embeddable":true,"href":"https:\/\/arquitecturacristianmartinez.com\/eu\/wp-json\/wp\/v2\/comments?post=17"}],"version-history":[{"count":43,"href":"https:\/\/arquitecturacristianmartinez.com\/eu\/wp-json\/wp\/v2\/pages\/17\/revisions"}],"predecessor-version":[{"id":276,"href":"https:\/\/arquitecturacristianmartinez.com\/eu\/wp-json\/wp\/v2\/pages\/17\/revisions\/276"}],"wp:attachment":[{"href":"https:\/\/arquitecturacristianmartinez.com\/eu\/wp-json\/wp\/v2\/media?parent=17"}],"curies":[{"name":"wp","href":"https:\/\/api.w.org\/{rel}","templated":true}]}}